{"id":1026,"date":"2023-12-18T12:28:06","date_gmt":"2023-12-18T11:28:06","guid":{"rendered":"https:\/\/girasomnis.com\/ai-dance-mapping-show\/"},"modified":"2024-05-07T11:29:47","modified_gmt":"2024-05-07T09:29:47","slug":"ai-dance-mapping-show","status":"publish","type":"page","link":"https:\/\/girasomnis.com\/en\/ai-dance-mapping-show\/","title":{"rendered":"DREAMSCAPE"},"content":{"rendered":"<div class=\"wpb-content-wrapper\">[vc_row css=&#8221;.vc_custom_1702488365064{padding-top: 5% !important;padding-right: 5% !important;padding-bottom: 5% !important;padding-left: 5% !important;}&#8221;][vc_column][vc_row_inner content_placement=&#8221;middle&#8221; gap=&#8221;20&#8243;][vc_column_inner width=&#8221;1\/2&#8243;][vc_column_text css_animation=&#8221;none&#8221;]\n<h1 style=\"text-align: left;\"><span style=\"font-size: 150%;\">DREAMSCAPE<\/span><\/h1>\n[\/vc_column_text][vc_separator color=&#8221;custom&#8221; css_animation=&#8221;fadeInUp&#8221; accent_color=&#8221;#ffffff&#8221;][vc_column_text css_animation=&#8221;top-to-bottom&#8221;]\n<p style=\"text-align: left;\">The constant integration of the latest audiovisual production technologies in our shows has led us to develop this first project using a mix of traditional techniques and artificial intelligence. This project combines different dance styles such as contemporary and classical, showcasing a blend of innovation and tradition.<\/p>\n[\/vc_column_text][\/vc_column_inner][vc_column_inner width=&#8221;1\/2&#8243;]<div class=\"elegant-advanced-video elegant-align-left\" style=\"max-width:1159px;background: #000000;\"><img decoding=\"async\" class=\"elegant-advanced-video-preview\" src=\"https:\/\/girasomnis.com\/wp-content\/uploads\/2023\/12\/DREAMSCAPE-PLAY.jpg\" srcset=\"https:\/\/girasomnis.com\/wp-content\/uploads\/2023\/12\/DREAMSCAPE-PLAY.jpg 1x, https:\/\/girasomnis.com\/wp-content\/uploads\/2023\/12\/DREAMSCAPE-PLAY.jpg 2x \" style=\"max-width:1159px;\" data-embed-url=\"https:\/\/player.vimeo.com\/video\/840816598?autoplay=1\" \/><div class=\"elegant-advanced-video-play-button\"><i class=\"elegant-advanced-video-play-icon \" style=\"color: #ffffff;font-size: 32px;\"><\/i><\/div><div class=\"elegant-advanced-video-overlay\" style=\"background:rgba(0,0,0,0.3);\"><\/div><\/div><div class=\"elegant-clearfix\"><\/div>[\/vc_column_inner][\/vc_row_inner]<div class=\"elegant-empty-space space-vertical elegant-clearfix\" style=\"height:34px;\"><\/div>[vc_images_carousel images=&#8221;317,318,319,320&#8243; autoplay=&#8221;yes&#8221; wrap=&#8221;yes&#8221; img_size=&#8221;full&#8221; speed=&#8221;2000&#8243; slides_per_view=&#8221;2&#8243;][\/vc_column][\/vc_row][vc_row css=&#8221;.vc_custom_1702488365064{padding-top: 5% !important;padding-right: 5% !important;padding-bottom: 5% !important;padding-left: 5% !important;}&#8221;][vc_column][vc_column_text][vc_row css=\".vc_custom_1705588528827{padding-top: 5% !important;padding-right: 5% !important;padding-bottom: 3% !important;padding-left: 5% !important;}\"][vc_column width=\"1\/2\"][vc_single_image image=\"688\" alignment=\"center\" onclick=\"custom_link\" img_link_target=\"_blank\" img_size=\"full\" link=\"https:\/\/maps.app.goo.gl\/bjzrRMyer9fyRyc29\"][\/vc_column][vc_column width=\"1\/2\"][vc_column_text]\r\n<h4 style=\"text-align: left;\"><span style=\"font-size: 100%;\">CONTACT<\/span><\/h4>\r\n<p style=\"text-align: left;\"><span style=\"font-size: 100%;\">610086261\r\ninfo@girasomnis.com\r\nCarrer dels Tomasos, 3,\r\n46004 Valencia<\/span><\/p>\r\n[\/vc_column_text][\/vc_column][\/vc_row][vc_row css=\".vc_custom_1705588511906{padding-top: 7% !important;padding-right: 5% !important;padding-left: 5% !important;}\"][vc_column]<div class=\"elegant-empty-space space-vertical elegant-clearfix\" style=\"height:63px;\"><\/div><div class=\"elegant-empty-space space-vertical elegant-clearfix\" style=\"height:63px;\"><\/div>[vc_single_image image=\"123\" alignment=\"center\" css_animation=\"fadeIn\" img_size=\"LARGE\"]<div class=\"elegant-empty-space space-vertical elegant-clearfix\" style=\"height:63px;\"><\/div><div class=\"elegant-shape-divider-wrap top_divider_visible position_top elegant-shape-divider-fullwidth\" style=\"height:150px;margin-top:0px;\" data-style=\"mountains\"><svg class=\"elegant-shape-divider divider-vertical-flip\" style=\"background-color:#7f7f7f;\" fill=\"#000000\" xmlns=\"http:\/\/www.w3.org\/2000\/svg\" viewBox=\"0 0 1000 300\" preserveAspectRatio=\"none\">\n\t<path d=\"M 1014 264 v 122 h -808 l -172 -86 s 310.42 -22.84 402 -79 c 106 -65 154 -61 268 -12 c 107 46 195.11 5.94 275 137 z\"><\/path>   <path d=\"M -302 55 s 235.27 208.25 352 159 c 128 -54 233 -98 303 -73 c 92.68 33.1 181.28 115.19 235 108 c 104.9 -14 176.52 -173.06 267 -118 c 85.61 52.09 145 123 145 123 v 74 l -1306 10 z\"><\/path>\n\t<path d=\"M -286 255 s 214 -103 338 -129 s 203 29 384 101 c 145.57 57.91 178.7 50.79 272 0 c 79 -43 301 -224 385 -63 c 53 101.63 -62 129 -62 129 l -107 84 l -1212 12 z\"><\/path>\n\t<path d=\"M -24 69 s 299.68 301.66 413 245 c 8 -4 233 2 284 42 c 17.47 13.7 172 -132 217 -174 c 54.8 -51.15 128 -90 188 -39 c 76.12 64.7 118 99 118 99 l -12 132 l -1212 12 z\"><\/path>\n\t<path d=\"M -12 201 s 70 83 194 57 s 160.29 -36.77 274 6 c 109 41 184.82 24.36 265 -15 c 55 -27 116.5 -57.69 214 4 c 49 31 95 26 95 26 l -6 151 l -1036 10 z\"><\/path> <\/svg><\/div>[\/vc_column][\/vc_row][\/vc_column_text][\/vc_column][\/vc_row]\n<\/div>","protected":false},"excerpt":{"rendered":"[vc_row css=&#8221;.vc_custom_1702488365064{padding-top: 5% !important;padding-right: 5% !important;padding-bottom: 5% !important;padding-left: 5% !important;}&#8221;][vc_column][vc_row_inner content_placement=&#8221;middle&#8221; gap=&#8221;20&#8243;][vc_column_inner width=&#8221;1\/2&#8243;][vc_column_text css_animation=&#8221;none&#8221;] DREAMSCAPE [\/vc_column_text][vc_separator color=&#8221;custom&#8221; css_animation=&#8221;fadeInUp&#8221; accent_color=&#8221;#ffffff&#8221;][vc_column_text css_animation=&#8221;top-to-bottom&#8221;] The constant integration of the latest audiovisual production technologies in our shows has led us to develop this first project using a mix of traditional techniques and artificial intelligence. This project combines different dance styles [&#8230;]\n","protected":false},"author":1,"featured_media":0,"parent":0,"menu_order":0,"comment_status":"closed","ping_status":"closed","template":"page-blank.php","meta":{"footnotes":""},"class_list":["post-1026","page","type-page","status-publish","hentry"],"yoast_head":"<!-- This site is optimized with the Yoast SEO plugin v27.3 - https:\/\/yoast.com\/product\/yoast-seo-wordpress\/ -->\n<title>DREAMSCAPE - Girasomnis | Espect\u00e1culos tecnol\u00f3gicos, dance mapping y experiencias inmersivas<\/title>\n<meta name=\"description\" content=\"This show combines different dance styles such as contemporary and classical, showcasing a blend of innovation and tradition.\" \/>\n<meta name=\"robots\" content=\"index, follow, max-snippet:-1, max-image-preview:large, max-video-preview:-1\" \/>\n<link rel=\"canonical\" href=\"https:\/\/girasomnis.com\/en\/ai-dance-mapping-show\/\" \/>\n<meta property=\"og:locale\" content=\"en_US\" \/>\n<meta property=\"og:type\" content=\"article\" \/>\n<meta property=\"og:title\" content=\"DREAMSCAPE - Girasomnis | Espect\u00e1culos tecnol\u00f3gicos, dance mapping y experiencias inmersivas\" \/>\n<meta property=\"og:description\" content=\"This show combines different dance styles such as contemporary and classical, showcasing a blend of innovation and tradition.\" \/>\n<meta property=\"og:url\" content=\"https:\/\/girasomnis.com\/en\/ai-dance-mapping-show\/\" \/>\n<meta property=\"og:site_name\" content=\"Girasomnis | Espect\u00e1culos tecnol\u00f3gicos, dance mapping y experiencias inmersivas\" \/>\n<meta property=\"article:modified_time\" content=\"2024-05-07T09:29:47+00:00\" \/>\n<meta property=\"og:image\" content=\"https:\/\/girasomnis.com\/wp-content\/uploads\/2024\/01\/Girasomnis-02.jpg\" \/>\n\t<meta property=\"og:image:width\" content=\"1920\" \/>\n\t<meta property=\"og:image:height\" content=\"1015\" \/>\n\t<meta property=\"og:image:type\" content=\"image\/jpeg\" \/>\n<meta name=\"twitter:card\" content=\"summary_large_image\" \/>\n<script type=\"application\/ld+json\" class=\"yoast-schema-graph\">{\"@context\":\"https:\\\/\\\/schema.org\",\"@graph\":[{\"@type\":\"WebPage\",\"@id\":\"https:\\\/\\\/girasomnis.com\\\/en\\\/ai-dance-mapping-show\\\/\",\"url\":\"https:\\\/\\\/girasomnis.com\\\/en\\\/ai-dance-mapping-show\\\/\",\"name\":\"DREAMSCAPE - Girasomnis | Espect\u00e1culos tecnol\u00f3gicos, dance mapping y experiencias inmersivas\",\"isPartOf\":{\"@id\":\"https:\\\/\\\/girasomnis.com\\\/#website\"},\"datePublished\":\"2023-12-18T11:28:06+00:00\",\"dateModified\":\"2024-05-07T09:29:47+00:00\",\"description\":\"This show combines different dance styles such as contemporary and classical, showcasing a blend of innovation and tradition.\",\"breadcrumb\":{\"@id\":\"https:\\\/\\\/girasomnis.com\\\/en\\\/ai-dance-mapping-show\\\/#breadcrumb\"},\"inLanguage\":\"en-US\",\"potentialAction\":[{\"@type\":\"ReadAction\",\"target\":[\"https:\\\/\\\/girasomnis.com\\\/en\\\/ai-dance-mapping-show\\\/\"]}]},{\"@type\":\"BreadcrumbList\",\"@id\":\"https:\\\/\\\/girasomnis.com\\\/en\\\/ai-dance-mapping-show\\\/#breadcrumb\",\"itemListElement\":[{\"@type\":\"ListItem\",\"position\":1,\"name\":\"Portada\",\"item\":\"https:\\\/\\\/girasomnis.com\\\/en\\\/\"},{\"@type\":\"ListItem\",\"position\":2,\"name\":\"DREAMSCAPE\"}]},{\"@type\":\"WebSite\",\"@id\":\"https:\\\/\\\/girasomnis.com\\\/#website\",\"url\":\"https:\\\/\\\/girasomnis.com\\\/\",\"name\":\"Girasomnis | Espect\u00e1culos tecnol\u00f3gicos, dance mapping y experiencias inmersivas\",\"description\":\"Creamos shows tecnol\u00f3gicos, espect\u00e1culos de drones, dance mapping y experiencias inmersivas \u00fanicas para festivales, exposiciones y eventos corporativos\",\"publisher\":{\"@id\":\"https:\\\/\\\/girasomnis.com\\\/#organization\"},\"potentialAction\":[{\"@type\":\"SearchAction\",\"target\":{\"@type\":\"EntryPoint\",\"urlTemplate\":\"https:\\\/\\\/girasomnis.com\\\/?s={search_term_string}\"},\"query-input\":{\"@type\":\"PropertyValueSpecification\",\"valueRequired\":true,\"valueName\":\"search_term_string\"}}],\"inLanguage\":\"en-US\"},{\"@type\":\"Organization\",\"@id\":\"https:\\\/\\\/girasomnis.com\\\/#organization\",\"name\":\"Girasomnis\",\"url\":\"https:\\\/\\\/girasomnis.com\\\/\",\"logo\":{\"@type\":\"ImageObject\",\"inLanguage\":\"en-US\",\"@id\":\"https:\\\/\\\/girasomnis.com\\\/#\\\/schema\\\/logo\\\/image\\\/\",\"url\":\"https:\\\/\\\/girasomnis.com\\\/wp-content\\\/uploads\\\/2023\\\/11\\\/Logo-Girasomnis-01.png\",\"contentUrl\":\"https:\\\/\\\/girasomnis.com\\\/wp-content\\\/uploads\\\/2023\\\/11\\\/Logo-Girasomnis-01.png\",\"width\":1967,\"height\":1089,\"caption\":\"Girasomnis\"},\"image\":{\"@id\":\"https:\\\/\\\/girasomnis.com\\\/#\\\/schema\\\/logo\\\/image\\\/\"}}]}<\/script>\n<!-- \/ Yoast SEO plugin. -->","yoast_head_json":{"title":"DREAMSCAPE - Girasomnis | Espect\u00e1culos tecnol\u00f3gicos, dance mapping y experiencias inmersivas","description":"This show combines different dance styles such as contemporary and classical, showcasing a blend of innovation and tradition.","robots":{"index":"index","follow":"follow","max-snippet":"max-snippet:-1","max-image-preview":"max-image-preview:large","max-video-preview":"max-video-preview:-1"},"canonical":"https:\/\/girasomnis.com\/en\/ai-dance-mapping-show\/","og_locale":"en_US","og_type":"article","og_title":"DREAMSCAPE - Girasomnis | Espect\u00e1culos tecnol\u00f3gicos, dance mapping y experiencias inmersivas","og_description":"This show combines different dance styles such as contemporary and classical, showcasing a blend of innovation and tradition.","og_url":"https:\/\/girasomnis.com\/en\/ai-dance-mapping-show\/","og_site_name":"Girasomnis | Espect\u00e1culos tecnol\u00f3gicos, dance mapping y experiencias inmersivas","article_modified_time":"2024-05-07T09:29:47+00:00","og_image":[{"width":1920,"height":1015,"url":"https:\/\/girasomnis.com\/wp-content\/uploads\/2024\/01\/Girasomnis-02.jpg","type":"image\/jpeg"}],"twitter_card":"summary_large_image","schema":{"@context":"https:\/\/schema.org","@graph":[{"@type":"WebPage","@id":"https:\/\/girasomnis.com\/en\/ai-dance-mapping-show\/","url":"https:\/\/girasomnis.com\/en\/ai-dance-mapping-show\/","name":"DREAMSCAPE - Girasomnis | Espect\u00e1culos tecnol\u00f3gicos, dance mapping y experiencias inmersivas","isPartOf":{"@id":"https:\/\/girasomnis.com\/#website"},"datePublished":"2023-12-18T11:28:06+00:00","dateModified":"2024-05-07T09:29:47+00:00","description":"This show combines different dance styles such as contemporary and classical, showcasing a blend of innovation and tradition.","breadcrumb":{"@id":"https:\/\/girasomnis.com\/en\/ai-dance-mapping-show\/#breadcrumb"},"inLanguage":"en-US","potentialAction":[{"@type":"ReadAction","target":["https:\/\/girasomnis.com\/en\/ai-dance-mapping-show\/"]}]},{"@type":"BreadcrumbList","@id":"https:\/\/girasomnis.com\/en\/ai-dance-mapping-show\/#breadcrumb","itemListElement":[{"@type":"ListItem","position":1,"name":"Portada","item":"https:\/\/girasomnis.com\/en\/"},{"@type":"ListItem","position":2,"name":"DREAMSCAPE"}]},{"@type":"WebSite","@id":"https:\/\/girasomnis.com\/#website","url":"https:\/\/girasomnis.com\/","name":"Girasomnis | Espect\u00e1culos tecnol\u00f3gicos, dance mapping y experiencias inmersivas","description":"Creamos shows tecnol\u00f3gicos, espect\u00e1culos de drones, dance mapping y experiencias inmersivas \u00fanicas para festivales, exposiciones y eventos corporativos","publisher":{"@id":"https:\/\/girasomnis.com\/#organization"},"potentialAction":[{"@type":"SearchAction","target":{"@type":"EntryPoint","urlTemplate":"https:\/\/girasomnis.com\/?s={search_term_string}"},"query-input":{"@type":"PropertyValueSpecification","valueRequired":true,"valueName":"search_term_string"}}],"inLanguage":"en-US"},{"@type":"Organization","@id":"https:\/\/girasomnis.com\/#organization","name":"Girasomnis","url":"https:\/\/girasomnis.com\/","logo":{"@type":"ImageObject","inLanguage":"en-US","@id":"https:\/\/girasomnis.com\/#\/schema\/logo\/image\/","url":"https:\/\/girasomnis.com\/wp-content\/uploads\/2023\/11\/Logo-Girasomnis-01.png","contentUrl":"https:\/\/girasomnis.com\/wp-content\/uploads\/2023\/11\/Logo-Girasomnis-01.png","width":1967,"height":1089,"caption":"Girasomnis"},"image":{"@id":"https:\/\/girasomnis.com\/#\/schema\/logo\/image\/"}}]}},"_links":{"self":[{"href":"https:\/\/girasomnis.com\/en\/wp-json\/wp\/v2\/pages\/1026","targetHints":{"allow":["GET"]}}],"collection":[{"href":"https:\/\/girasomnis.com\/en\/wp-json\/wp\/v2\/pages"}],"about":[{"href":"https:\/\/girasomnis.com\/en\/wp-json\/wp\/v2\/types\/page"}],"author":[{"embeddable":true,"href":"https:\/\/girasomnis.com\/en\/wp-json\/wp\/v2\/users\/1"}],"replies":[{"embeddable":true,"href":"https:\/\/girasomnis.com\/en\/wp-json\/wp\/v2\/comments?post=1026"}],"version-history":[{"count":0,"href":"https:\/\/girasomnis.com\/en\/wp-json\/wp\/v2\/pages\/1026\/revisions"}],"wp:attachment":[{"href":"https:\/\/girasomnis.com\/en\/wp-json\/wp\/v2\/media?parent=1026"}],"curies":[{"name":"wp","href":"https:\/\/api.w.org\/{rel}","templated":true}]}}