{"id":1089,"date":"2023-11-02T18:02:29","date_gmt":"2023-11-02T17:02:29","guid":{"rendered":"https:\/\/girasomnis.com\/politica-privacidad\/"},"modified":"2024-12-09T16:05:51","modified_gmt":"2024-12-09T15:05:51","slug":"privacy-policy","status":"publish","type":"page","link":"https:\/\/girasomnis.com\/en\/privacy-policy\/","title":{"rendered":"Privacy policy"},"content":{"rendered":"<strong>PRIVACY POLICY AND DATA PROTECTION<\/strong>\r\n\r\nIn compliance with Regulation (EU) 2016\/679 (General Data Protection Regulation) and its implementing regulations, as well as Organic Law 3\/2018, of December 5, on Data Protection and guarantee of digital rights, we provide you with the following information of interest regarding the processing of your personal data:\r\n\r\n<strong>DATA CONTROLLER:<\/strong>\r\n\r\nYour data will be processed by Paco Gramaje, with NIF: 20162131D and address at CARRER ENCARNACI\u00d3 180 A 3 08025 &#8211; BARCELONA, with email: <a target=\"_new\" rel=\"noopener\">pacogramaje@gmail.com<\/a>\r\n<ul class=\"font_8 color_12 wixui-rich-text__text\">\r\n \t<li class=\"wixui-rich-text__text\">\r\n<div class=\"flex-1 overflow-hidden\">\r\n<div class=\"react-scroll-to-bottom--css-chjys-79elbk h-full\">\r\n<div class=\"react-scroll-to-bottom--css-chjys-1n7m0yu\">\r\n<div class=\"flex flex-col pb-9 text-sm\">\r\n<div class=\"w-full text-token-text-primary\" data-testid=\"conversation-turn-101\">\r\n<div class=\"px-4 py-2 justify-center text-base md:gap-6 m-auto\">\r\n<div class=\"flex flex-1 text-base mx-auto gap-3 md:px-5 lg:px-1 xl:px-5 md:max-w-3xl lg:max-w-[40rem] xl:max-w-[48rem] group final-completion\">\r\n<div class=\"relative flex w-full flex-col lg:w-[calc(100%-115px)] agent-turn\">\r\n<div class=\"flex-col gap-1 md:gap-3\">\r\n<div class=\"flex flex-grow flex-col max-w-full\">\r\n<div class=\"min-h-[20px] text-message flex flex-col items-start gap-3 whitespace-pre-wrap break-words [.text-message+&amp;]:mt-5 overflow-x-auto\" data-message-author-role=\"assistant\" data-message-id=\"7acf08cb-60b3-4996-8fe9-6a192c5af348\">\r\n<div class=\"markdown prose w-full break-words dark:prose-invert light\">\r\n\r\n<strong>DATA PROTECTION OFFICER:<\/strong>\r\n\r\nThe data controller has appointed Francisco Javier Gramaje Calatayud as the data protection officer.\r\n\r\n<strong>PURPOSE OF PROCESSING AND LEGITIMATION:<\/strong>\r\n\r\nPaco Gramaje Studio informs you that it will only use your data for legitimate purposes, such as:\r\n<ol>\r\n \t<li><strong>Compliance with our contractual and\/or commercial relationship:<\/strong> Your data will be processed to maintain and fulfill the obligations arising from our contractual and\/or commercial relationship.<\/li>\r\n \t<li><strong>Compliance with legal obligations (Tax Agency, legal actions, etc.)<\/strong><\/li>\r\n \t<li><strong>Sending informative communications about possible incidents or computer security breaches.<\/strong><\/li>\r\n<\/ol>\r\nFor any other purpose that has been previously and expressly authorized by you, such as:\r\n<ul>\r\n \t<li>Sending offers and commercial promotions about our products and\/or services.<\/li>\r\n \t<li>Transferring your data to companies within the group, as previously informed.<\/li>\r\n \t<li>Sending offers and promotions from other companies within the group, as previously informed.<\/li>\r\n \t<li>Participating in the personnel selection processes carried out by this entity if you have sent us your resume or applied for selection processes.<\/li>\r\n \t<li>Creating a commercial profile based on the information provided by you in order to show or send you personalized advertising based on your consumption habits and\/or preferences. This profile can be created through cookies or any other means. In any case, automated decisions based on this profile that have legal or significant effects on you will not be made.<\/li>\r\n<\/ul>\r\n<\/div>\r\n<\/div>\r\n<\/div>\r\n<\/div>\r\n<\/div>\r\n<\/div>\r\n<\/div>\r\n<\/div>\r\n<\/div>\r\n<\/div>\r\n<\/div>\r\n<\/div>\r\n<strong>TO WHOM WILL WE PROVIDE YOUR DATA?<\/strong>\r\n\r\nYour data may be transferred or communicated to those entities or administrations that are strictly necessary to provide you with the contracted services or maintain the freely accepted commercial relationship, to those entities or administrations to which we are obligated to do so in compliance with any law, as well as to those entities or administrations that you have expressly authorized us.\r\n\r\n<strong>DATA RETENTION PERIOD:<\/strong>\r\n\r\nYour data will be kept for the duration of our contractual and\/or commercial relationship, the time necessary to comply with the corresponding legal obligations, and the statute of limitations for relevant legal actions. In any case, we will proceed to delete your data when you request its deletion in accordance with the terms provided by law.\r\n\r\n<strong>YOUR RIGHTS:<\/strong>\r\n\r\nYou can exercise any of the following rights by sending us a written request along with a photocopy of your ID\/passport to the following address: Paco Gramaje Studio, CARRER ENCARNACI\u00d3 180 A 3 08025 &#8211; BARCELONA, or by email: <a target=\"_new\" rel=\"noopener\">pacogramaje@gmail.com<\/a>.\r\n\r\n<strong>Information:<\/strong> You can ask us to inform you if we process your personal data.\r\n\r\n<strong>Access:<\/strong> You can ask us to provide information about the personal data we have included in our files and the purposes for which they have been collected.\r\n\r\n<strong>Rectification:<\/strong> You can request that we modify your personal data when they are inaccurate and complete those that are incomplete.\r\n\r\n<strong>Deletion:<\/strong> You can request the deletion of your personal data when, among other reasons, you withdraw your consent, and the data is no longer necessary for the purposes for which it was collected.\r\n\r\n<strong>Objection:<\/strong> You can request that your personal data not be processed.\r\n\r\n<strong>Right to Limitation:<\/strong> You can request the limitation of the processing of your data when one of the following conditions is met:\r\n\r\na) The data subject disputes the accuracy of the personal data, while verifying their accuracy.\r\n\r\nb) The processing is unlawful, and the data subject opposes the deletion of personal data and requests the limitation of its use instead.\r\n\r\nc) The data controller no longer needs the personal data for the purposes of processing, but the data subject needs them for the formulation, exercise, or defense of claims.\r\n\r\nd) The data subject has objected to the processing while verifying whether the legitimate grounds of the controller prevail over those of the data subject.\r\n\r\n<strong>Right to Portability:<\/strong> You have the right to receive the data you have provided to us in a structured, commonly used, and machine-readable format, provided that it is automated, as well as to have it transmitted to another controller.\r\n\r\n<strong>MINORS AND INCAPACITATED INDIVIDUALS:<\/strong>\r\n\r\nIn the case of individuals under 14 years of age or incapacitated, the consent for the processing of personal data must be given by the father, mother, or legal guardian of the minor or incapacitated individual.\r\n\r\n<strong>SECURITY MEASURES:<\/strong>\r\n\r\nIn accordance with current legislation, Paco Gramaje Studio undertakes to implement the technical and organizational measures that are necessary at all times to ensure the security of your data and prevent its alteration, loss, or unauthorized processing.\r\n\r\n<span style=\"color: #333333; font-size: 14.4px;\">POL\u00cdTICA DE COOKIES:<\/span><\/li>\r\n<\/ul>\r\nPaco Gramaje Studio uses cookies that will be stored on your computer. Cookies are small files that your computer sends to ours, but they do not provide us with information about your name or any of your personal data. The cookies we use cannot read data from your computer or read the cookies that exist on your computer.\r\n\r\nWhen the user is browsing our website, the server where it is hosted automatically recognizes the IP address of your computer, the day and time the visit begins, when the visit ends, as well as information about the different sections consulted. It is necessary for the server to know this data to be able to communicate and send the requested information, which can be viewed on the screen through the browser. Therefore, it is necessary to have cookies enabled in your browser to make use of certain services on the website.\r\n\r\nIf you wish, you can configure your browser to notify you on the screen if you are going to receive a cookie. The user can configure their computer not to receive these cookies, but this will prevent the use of certain services on the website.\r\n<p class=\"font_8 wixui-rich-text__text\"><\/p>","protected":false},"excerpt":{"rendered":"<p>PRIVACY POLICY AND DATA PROTECTION In compliance with Regulation (EU) 2016\/679 (General Data Protection Regulation) and its implementing regulations, as well as Organic Law 3\/2018, of December 5, on Data Protection and guarantee of digital rights, we provide you with the following information of interest regarding the processing of your personal data: DATA CONTROLLER: Your [&#8230;]\n","protected":false},"author":1,"featured_media":0,"parent":0,"menu_order":0,"comment_status":"closed","ping_status":"open","template":"","meta":{"footnotes":""},"class_list":["post-1089","page","type-page","status-publish","hentry"],"yoast_head":"<!-- This site is optimized with the Yoast SEO plugin v27.4 - https:\/\/yoast.com\/product\/yoast-seo-wordpress\/ -->\n<title>Privacy policy - Girasomnis | Espect\u00e1culos tecnol\u00f3gicos, dance mapping y experiencias inmersivas<\/title>\n<meta name=\"description\" content=\"Privacy policy: we provide you with information of interest regarding the processing of your personal data.\" \/>\n<meta name=\"robots\" content=\"noindex, nofollow\" \/>\n<meta property=\"og:locale\" content=\"en_US\" \/>\n<meta property=\"og:type\" content=\"article\" \/>\n<meta property=\"og:title\" content=\"Privacy policy - Girasomnis | Espect\u00e1culos tecnol\u00f3gicos, dance mapping y experiencias inmersivas\" \/>\n<meta property=\"og:description\" content=\"Privacy policy: we provide you with information of interest regarding the processing of your personal data.\" \/>\n<meta property=\"og:url\" content=\"https:\/\/girasomnis.com\/en\/privacy-policy\/\" \/>\n<meta property=\"og:site_name\" content=\"Girasomnis | Espect\u00e1culos tecnol\u00f3gicos, dance mapping y experiencias inmersivas\" \/>\n<meta property=\"article:modified_time\" content=\"2024-12-09T15:05:51+00:00\" \/>\n<meta property=\"og:image\" content=\"https:\/\/girasomnis.com\/wp-content\/uploads\/2024\/01\/Girasomnis-02.jpg\" \/>\n\t<meta property=\"og:image:width\" content=\"1920\" \/>\n\t<meta property=\"og:image:height\" content=\"1015\" \/>\n\t<meta property=\"og:image:type\" content=\"image\/jpeg\" \/>\n<meta name=\"twitter:card\" content=\"summary_large_image\" \/>\n<script type=\"application\/ld+json\" class=\"yoast-schema-graph\">{\"@context\":\"https:\\\/\\\/schema.org\",\"@graph\":[{\"@type\":\"WebPage\",\"@id\":\"https:\\\/\\\/girasomnis.com\\\/en\\\/privacy-policy\\\/\",\"url\":\"https:\\\/\\\/girasomnis.com\\\/en\\\/privacy-policy\\\/\",\"name\":\"Privacy policy - Girasomnis | Espect\u00e1culos tecnol\u00f3gicos, dance mapping y experiencias inmersivas\",\"isPartOf\":{\"@id\":\"https:\\\/\\\/girasomnis.com\\\/#website\"},\"datePublished\":\"2023-11-02T17:02:29+00:00\",\"dateModified\":\"2024-12-09T15:05:51+00:00\",\"description\":\"Privacy policy: we provide you with information of interest regarding the processing of your personal data.\",\"breadcrumb\":{\"@id\":\"https:\\\/\\\/girasomnis.com\\\/en\\\/privacy-policy\\\/#breadcrumb\"},\"inLanguage\":\"en-US\",\"potentialAction\":[{\"@type\":\"ReadAction\",\"target\":[\"https:\\\/\\\/girasomnis.com\\\/en\\\/privacy-policy\\\/\"]}]},{\"@type\":\"BreadcrumbList\",\"@id\":\"https:\\\/\\\/girasomnis.com\\\/en\\\/privacy-policy\\\/#breadcrumb\",\"itemListElement\":[{\"@type\":\"ListItem\",\"position\":1,\"name\":\"Portada\",\"item\":\"https:\\\/\\\/girasomnis.com\\\/en\\\/\"},{\"@type\":\"ListItem\",\"position\":2,\"name\":\"Privacy policy\"}]},{\"@type\":\"WebSite\",\"@id\":\"https:\\\/\\\/girasomnis.com\\\/#website\",\"url\":\"https:\\\/\\\/girasomnis.com\\\/\",\"name\":\"Girasomnis | Espect\u00e1culos tecnol\u00f3gicos, dance mapping y experiencias inmersivas\",\"description\":\"Creamos shows tecnol\u00f3gicos, espect\u00e1culos de drones, dance mapping y experiencias inmersivas \u00fanicas para festivales, exposiciones y eventos corporativos\",\"publisher\":{\"@id\":\"https:\\\/\\\/girasomnis.com\\\/#organization\"},\"potentialAction\":[{\"@type\":\"SearchAction\",\"target\":{\"@type\":\"EntryPoint\",\"urlTemplate\":\"https:\\\/\\\/girasomnis.com\\\/?s={search_term_string}\"},\"query-input\":{\"@type\":\"PropertyValueSpecification\",\"valueRequired\":true,\"valueName\":\"search_term_string\"}}],\"inLanguage\":\"en-US\"},{\"@type\":\"Organization\",\"@id\":\"https:\\\/\\\/girasomnis.com\\\/#organization\",\"name\":\"Girasomnis\",\"url\":\"https:\\\/\\\/girasomnis.com\\\/\",\"logo\":{\"@type\":\"ImageObject\",\"inLanguage\":\"en-US\",\"@id\":\"https:\\\/\\\/girasomnis.com\\\/#\\\/schema\\\/logo\\\/image\\\/\",\"url\":\"https:\\\/\\\/girasomnis.com\\\/wp-content\\\/uploads\\\/2023\\\/11\\\/Logo-Girasomnis-01.png\",\"contentUrl\":\"https:\\\/\\\/girasomnis.com\\\/wp-content\\\/uploads\\\/2023\\\/11\\\/Logo-Girasomnis-01.png\",\"width\":1967,\"height\":1089,\"caption\":\"Girasomnis\"},\"image\":{\"@id\":\"https:\\\/\\\/girasomnis.com\\\/#\\\/schema\\\/logo\\\/image\\\/\"}}]}<\/script>\n<!-- \/ Yoast SEO plugin. -->","yoast_head_json":{"title":"Privacy policy - Girasomnis | Espect\u00e1culos tecnol\u00f3gicos, dance mapping y experiencias inmersivas","description":"Privacy policy: we provide you with information of interest regarding the processing of your personal data.","robots":{"index":"noindex","follow":"nofollow"},"og_locale":"en_US","og_type":"article","og_title":"Privacy policy - Girasomnis | Espect\u00e1culos tecnol\u00f3gicos, dance mapping y experiencias inmersivas","og_description":"Privacy policy: we provide you with information of interest regarding the processing of your personal data.","og_url":"https:\/\/girasomnis.com\/en\/privacy-policy\/","og_site_name":"Girasomnis | Espect\u00e1culos tecnol\u00f3gicos, dance mapping y experiencias inmersivas","article_modified_time":"2024-12-09T15:05:51+00:00","og_image":[{"width":1920,"height":1015,"url":"https:\/\/girasomnis.com\/wp-content\/uploads\/2024\/01\/Girasomnis-02.jpg","type":"image\/jpeg"}],"twitter_card":"summary_large_image","schema":{"@context":"https:\/\/schema.org","@graph":[{"@type":"WebPage","@id":"https:\/\/girasomnis.com\/en\/privacy-policy\/","url":"https:\/\/girasomnis.com\/en\/privacy-policy\/","name":"Privacy policy - Girasomnis | Espect\u00e1culos tecnol\u00f3gicos, dance mapping y experiencias inmersivas","isPartOf":{"@id":"https:\/\/girasomnis.com\/#website"},"datePublished":"2023-11-02T17:02:29+00:00","dateModified":"2024-12-09T15:05:51+00:00","description":"Privacy policy: we provide you with information of interest regarding the processing of your personal data.","breadcrumb":{"@id":"https:\/\/girasomnis.com\/en\/privacy-policy\/#breadcrumb"},"inLanguage":"en-US","potentialAction":[{"@type":"ReadAction","target":["https:\/\/girasomnis.com\/en\/privacy-policy\/"]}]},{"@type":"BreadcrumbList","@id":"https:\/\/girasomnis.com\/en\/privacy-policy\/#breadcrumb","itemListElement":[{"@type":"ListItem","position":1,"name":"Portada","item":"https:\/\/girasomnis.com\/en\/"},{"@type":"ListItem","position":2,"name":"Privacy policy"}]},{"@type":"WebSite","@id":"https:\/\/girasomnis.com\/#website","url":"https:\/\/girasomnis.com\/","name":"Girasomnis | Espect\u00e1culos tecnol\u00f3gicos, dance mapping y experiencias inmersivas","description":"Creamos shows tecnol\u00f3gicos, espect\u00e1culos de drones, dance mapping y experiencias inmersivas \u00fanicas para festivales, exposiciones y eventos corporativos","publisher":{"@id":"https:\/\/girasomnis.com\/#organization"},"potentialAction":[{"@type":"SearchAction","target":{"@type":"EntryPoint","urlTemplate":"https:\/\/girasomnis.com\/?s={search_term_string}"},"query-input":{"@type":"PropertyValueSpecification","valueRequired":true,"valueName":"search_term_string"}}],"inLanguage":"en-US"},{"@type":"Organization","@id":"https:\/\/girasomnis.com\/#organization","name":"Girasomnis","url":"https:\/\/girasomnis.com\/","logo":{"@type":"ImageObject","inLanguage":"en-US","@id":"https:\/\/girasomnis.com\/#\/schema\/logo\/image\/","url":"https:\/\/girasomnis.com\/wp-content\/uploads\/2023\/11\/Logo-Girasomnis-01.png","contentUrl":"https:\/\/girasomnis.com\/wp-content\/uploads\/2023\/11\/Logo-Girasomnis-01.png","width":1967,"height":1089,"caption":"Girasomnis"},"image":{"@id":"https:\/\/girasomnis.com\/#\/schema\/logo\/image\/"}}]}},"_links":{"self":[{"href":"https:\/\/girasomnis.com\/en\/wp-json\/wp\/v2\/pages\/1089","targetHints":{"allow":["GET"]}}],"collection":[{"href":"https:\/\/girasomnis.com\/en\/wp-json\/wp\/v2\/pages"}],"about":[{"href":"https:\/\/girasomnis.com\/en\/wp-json\/wp\/v2\/types\/page"}],"author":[{"embeddable":true,"href":"https:\/\/girasomnis.com\/en\/wp-json\/wp\/v2\/users\/1"}],"replies":[{"embeddable":true,"href":"https:\/\/girasomnis.com\/en\/wp-json\/wp\/v2\/comments?post=1089"}],"version-history":[{"count":1,"href":"https:\/\/girasomnis.com\/en\/wp-json\/wp\/v2\/pages\/1089\/revisions"}],"predecessor-version":[{"id":1260,"href":"https:\/\/girasomnis.com\/en\/wp-json\/wp\/v2\/pages\/1089\/revisions\/1260"}],"wp:attachment":[{"href":"https:\/\/girasomnis.com\/en\/wp-json\/wp\/v2\/media?parent=1089"}],"curies":[{"name":"wp","href":"https:\/\/api.w.org\/{rel}","templated":true}]}}